{"id":3,"date":"2023-06-29T17:31:02","date_gmt":"2023-06-29T15:31:02","guid":{"rendered":"https:\/\/sk2g.fr\/?page_id=3"},"modified":"2023-07-02T19:47:21","modified_gmt":"2023-07-02T17:47:21","slug":"politique-de-confidentialite","status":"publish","type":"page","link":"https:\/\/www.sk2g.fr\/index.php\/politique-de-confidentialite\/","title":{"rendered":"Politique de confidentialit\u00e9"},"content":{"rendered":"\n<p>Le site sk2g.fr est la propri\u00e9t\u00e9 de la soci\u00e9t\u00e9 SK2G (Sire: 849411806), qui est responsable du traitement de vos donn\u00e9es personnelles.<\/p>\n\n\n\n<p>Nous avons adopt\u00e9 la pr\u00e9sente Politique de confidentialit\u00e9, qui d\u00e9termine comment nous traitons les informations collect\u00e9es par sk2g.fr qui fournit \u00e9galement les raisons pour lesquelles nous devons collecter certaines donn\u00e9es personnelles vous concernant. Vous devez donc lire cette Politique de confidentialit\u00e9 avant d\u2019utiliser le site sk2g.fr.<\/p>\n\n\n\n<p>Nous prenons soin de vos donn\u00e9es personnelles et nous nous engageons \u00e0 en garantir la confidentialit\u00e9 et la s\u00e9curit\u00e9.<\/p>\n\n\n\n<h2 class=\"wp-block-heading has-medium-font-size\"><strong>Les donn\u00e9es personnelles que nous collectons<\/strong><\/h2>\n\n\n\n<p>Lorsque vous visitez le site sk2g.fr, nous collectons automatiquement certaines informations sur votre appareil, notamment des informations sur votre navigateur web, votre adresse IP, votre fuseau horaire et certains des cookies install\u00e9s sur votre appareil. En outre, lorsque vous naviguez sur le site, nous recueillons des informations sur les pages Web ou les produits individuels que vous consultez, sur les sites Web ou les termes de recherche qui vous ont renvoy\u00e9 au site et sur la fa\u00e7on dont vous interagissez avec le site. Nous d\u00e9signons ces informations collect\u00e9es automatiquement par le terme \u201cinformations sur les appareils\u201d. En outre, nous pourrions collecter les donn\u00e9es personnelles que vous nous fournissez (y compris, mais sans s\u2019y limiter, le nom, le pr\u00e9nom, l\u2019adresse, les informations de paiement, etc.) lors de l\u2019inscription afin de pouvoir ex\u00e9cuter le contrat.<\/p>\n\n\n\n<h2 class=\"wp-block-heading has-medium-font-size\"><strong>Pourquoi traitons-nous vos donn\u00e9es ?<\/strong><\/h2>\n\n\n\n<p>Notre priorit\u00e9 absolue est la s\u00e9curit\u00e9 des donn\u00e9es des clients et, \u00e0 ce titre, nous ne pouvons traiter que des donn\u00e9es minimales sur les utilisateurs, uniquement dans la mesure o\u00f9 cela est absolument n\u00e9cessaire pour maintenir le site web. Les informations recueillies automatiquement sont utilis\u00e9es uniquement pour identifier les cas potentiels d\u2019abus et \u00e9tablir des informations statistiques concernant l\u2019utilisation du site web. Ces informations statistiques ne sont par ailleurs pas regroup\u00e9es de mani\u00e8re \u00e0 pouvoir identifier un utilisateur particulier du syst\u00e8me.<\/p>\n\n\n\n<p>Vous pouvez visiter le site Web sans nous dire qui vous \u00eates ni r\u00e9v\u00e9ler d\u2019informations permettant \u00e0 quelqu\u2019un de vous identifier en tant qu\u2019individu sp\u00e9cifique et identifiable. Toutefois, si vous souhaitez utiliser certaines fonctionnalit\u00e9s du site web, ou si vous souhaitez recevoir notre lettre d\u2019information ou fournir d\u2019autres d\u00e9tails en remplissant un formulaire, vous pouvez nous fournir des donn\u00e9es personnelles, telles que votre adresse \u00e9lectronique, votre pr\u00e9nom, votre nom, votre ville de r\u00e9sidence, votre organisation, votre num\u00e9ro de t\u00e9l\u00e9phone. Vous pouvez choisir de ne pas nous fournir vos donn\u00e9es personnelles, mais il se peut alors que vous ne puissiez pas profiter de certaines fonctionnalit\u00e9s du site web. Par exemple, vous ne pourrez pas recevoir notre bulletin d\u2019information ou nous contacter directement \u00e0 partir du site web. Les utilisateurs qui ne savent pas quelles informations sont obligatoires sont invit\u00e9s \u00e0 nous contacter via contact@sk2g.fr.<\/p>\n\n\n\n<h2 class=\"wp-block-heading has-medium-font-size\"><strong>Vos droits<\/strong><\/h2>\n\n\n\n<p>Si vous \u00eates un r\u00e9sident europ\u00e9en, vous disposez des droits suivants relatifs \u00e0 vos donn\u00e9es personnelles :<\/p>\n\n\n\n<p>Le droit d\u2019\u00eatre inform\u00e9.<\/p>\n\n\n\n<p>Le droit d\u2019acc\u00e8s.<\/p>\n\n\n\n<p>Le droit de rectification.<\/p>\n\n\n\n<p>Le droit \u00e0 l\u2019effacement.<\/p>\n\n\n\n<p>Le droit de restreindre le traitement.<\/p>\n\n\n\n<p>Le droit \u00e0 la portabilit\u00e9 des donn\u00e9es.<\/p>\n\n\n\n<p>le droit d\u2019opposition.<\/p>\n\n\n\n<p>Droits relatifs \u00e0 la prise de d\u00e9cision automatis\u00e9e et au profilage.<\/p>\n\n\n\n<p>Si vous souhaitez exercer ce droit, veuillez nous contacter via les coordonn\u00e9es ci-dessous.<\/p>\n\n\n\n<p>En outre, si vous \u00eates un r\u00e9sident europ\u00e9en, nous notons que nous traitons vos informations afin d\u2019ex\u00e9cuter les contrats que nous pourrions avoir avec vous (par exemple, si vous passez une commande par le biais du Site), ou autrement pour poursuivre nos int\u00e9r\u00eats commerciaux l\u00e9gitimes \u00e9num\u00e9r\u00e9s ci-dessus. En outre, veuillez noter que vos informations peuvent \u00eatre transf\u00e9r\u00e9es en dehors de l\u2019Europe, y compris au Canada et aux \u00c9tats-Unis.<\/p>\n\n\n\n<h2 class=\"wp-block-heading has-medium-font-size\"><strong>Liens vers d\u2019autres sites web<\/strong><\/h2>\n\n\n\n<p>Notre site web peut contenir des liens vers d\u2019autres sites web qui ne sont pas d\u00e9tenus ou contr\u00f4l\u00e9s par nous. Sachez que nous ne sommes pas responsables de ces autres sites web ni des pratiques de confidentialit\u00e9 des tiers. Nous vous encourageons \u00e0 \u00eatre attentif lorsque vous quittez notre site Web et \u00e0 lire les d\u00e9clarations de confidentialit\u00e9 de chaque site Web susceptible de recueillir des informations personnelles.<\/p>\n\n\n\n<h2 class=\"wp-block-heading has-medium-font-size\"><strong>S\u00e9curit\u00e9 des informations<\/strong><\/h2>\n\n\n\n<p>Nous s\u00e9curisons les informations que vous fournissez sur des serveurs informatiques dans un environnement contr\u00f4l\u00e9 et s\u00e9curis\u00e9, prot\u00e9g\u00e9 contre tout acc\u00e8s, utilisation ou divulgation non autoris\u00e9s. Nous maintenons des mesures de protection administratives, techniques et physiques raisonnables pour nous prot\u00e9ger contre l\u2019acc\u00e8s, l\u2019utilisation, la modification et la divulgation non autoris\u00e9s des donn\u00e9es personnelles sous son contr\u00f4le et sa garde. Toutefois, aucune transmission de donn\u00e9es sur Internet ou sur un r\u00e9seau sans fil ne peut \u00eatre garantie.<\/p>\n\n\n\n<h2 class=\"wp-block-heading has-medium-font-size\"><strong>Divulgation l\u00e9gale<\/strong><\/h2>\n\n\n\n<p>Nous divulguerons toute information que nous collectons, utilisons ou recevons si la loi l\u2019exige ou le permet, par exemple pour nous conformer \u00e0 une citation \u00e0 compara\u00eetre ou \u00e0 une proc\u00e9dure judiciaire similaire, et lorsque nous pensons de bonne foi que la divulgation est n\u00e9cessaire pour prot\u00e9ger nos droits, votre s\u00e9curit\u00e9 ou celle d\u2019autrui, enqu\u00eater sur une fraude ou r\u00e9pondre \u00e0 une demande du gouvernement.<\/p>\n\n\n\n<h2 class=\"wp-block-heading has-medium-font-size\"><strong>Informations de contact<\/strong><\/h2>\n\n\n\n<p>Si vous souhaitez nous contacter pour mieux comprendre la pr\u00e9sente Politique ou si vous souhaitez nous contacter concernant toute question relative aux droits individuels et \u00e0 vos Informations personnelles, vous pouvez envoyer un courriel \u00e0 contact@sk2g.fr.<\/p>\n","protected":false},"excerpt":{"rendered":"<p>Le site sk2g.fr est la propri\u00e9t\u00e9 de la soci\u00e9t\u00e9 SK2G (Sire: 849411806), qui est responsable du traitement de vos donn\u00e9es personnelles. Nous avons adopt\u00e9 la pr\u00e9sente Politique de confidentialit\u00e9, qui d\u00e9termine comment nous traitons les informations collect\u00e9es par sk2g.fr qui fournit \u00e9galement les raisons pour lesquelles nous devons collecter certaines donn\u00e9es personnelles vous concernant. Vous [&hellip;]<\/p>\n","protected":false},"author":1,"featured_media":0,"parent":0,"menu_order":0,"comment_status":"closed","ping_status":"open","template":"","meta":{"footnotes":""},"class_list":["post-3","page","type-page","status-publish","hentry"],"blocksy_meta":[],"yoast_head":"<!-- This site is optimized with the Yoast SEO plugin v27.4 - https:\/\/yoast.com\/product\/yoast-seo-wordpress\/ -->\n<title>Politique de confidentialit\u00e9 - SK2G<\/title>\n<meta name=\"robots\" content=\"index, follow, max-snippet:-1, max-image-preview:large, max-video-preview:-1\" \/>\n<link rel=\"canonical\" href=\"https:\/\/www.sk2g.fr\/index.php\/politique-de-confidentialite\/\" \/>\n<meta property=\"og:locale\" content=\"fr_FR\" \/>\n<meta property=\"og:type\" content=\"article\" \/>\n<meta property=\"og:title\" content=\"Politique de confidentialit\u00e9 - SK2G\" \/>\n<meta property=\"og:description\" content=\"Le site sk2g.fr est la propri\u00e9t\u00e9 de la soci\u00e9t\u00e9 SK2G (Sire: 849411806), qui est responsable du traitement de vos donn\u00e9es personnelles. Nous avons adopt\u00e9 la pr\u00e9sente Politique de confidentialit\u00e9, qui d\u00e9termine comment nous traitons les informations collect\u00e9es par sk2g.fr qui fournit \u00e9galement les raisons pour lesquelles nous devons collecter certaines donn\u00e9es personnelles vous concernant. Vous [&hellip;]\" \/>\n<meta property=\"og:url\" content=\"https:\/\/www.sk2g.fr\/index.php\/politique-de-confidentialite\/\" \/>\n<meta property=\"og:site_name\" content=\"SK2G\" \/>\n<meta property=\"article:modified_time\" content=\"2023-07-02T17:47:21+00:00\" \/>\n<meta name=\"twitter:card\" content=\"summary_large_image\" \/>\n<meta name=\"twitter:label1\" content=\"Dur\u00e9e de lecture estim\u00e9e\" \/>\n\t<meta name=\"twitter:data1\" content=\"5 minutes\" \/>\n<script type=\"application\/ld+json\" class=\"yoast-schema-graph\">{\"@context\":\"https:\\\/\\\/schema.org\",\"@graph\":[{\"@type\":\"WebPage\",\"@id\":\"https:\\\/\\\/www.sk2g.fr\\\/index.php\\\/politique-de-confidentialite\\\/\",\"url\":\"https:\\\/\\\/www.sk2g.fr\\\/index.php\\\/politique-de-confidentialite\\\/\",\"name\":\"Politique de confidentialit\u00e9 - SK2G\",\"isPartOf\":{\"@id\":\"https:\\\/\\\/www.sk2g.fr\\\/#website\"},\"datePublished\":\"2023-06-29T15:31:02+00:00\",\"dateModified\":\"2023-07-02T17:47:21+00:00\",\"breadcrumb\":{\"@id\":\"https:\\\/\\\/www.sk2g.fr\\\/index.php\\\/politique-de-confidentialite\\\/#breadcrumb\"},\"inLanguage\":\"fr-FR\",\"potentialAction\":[{\"@type\":\"ReadAction\",\"target\":[\"https:\\\/\\\/www.sk2g.fr\\\/index.php\\\/politique-de-confidentialite\\\/\"]}]},{\"@type\":\"BreadcrumbList\",\"@id\":\"https:\\\/\\\/www.sk2g.fr\\\/index.php\\\/politique-de-confidentialite\\\/#breadcrumb\",\"itemListElement\":[{\"@type\":\"ListItem\",\"position\":1,\"name\":\"Accueil\",\"item\":\"https:\\\/\\\/www.sk2g.fr\\\/\"},{\"@type\":\"ListItem\",\"position\":2,\"name\":\"Politique de confidentialit\u00e9\"}]},{\"@type\":\"WebSite\",\"@id\":\"https:\\\/\\\/www.sk2g.fr\\\/#website\",\"url\":\"https:\\\/\\\/www.sk2g.fr\\\/\",\"name\":\"SK2G\",\"description\":\"Multi-service du logement\",\"publisher\":{\"@id\":\"https:\\\/\\\/www.sk2g.fr\\\/#organization\"},\"potentialAction\":[{\"@type\":\"SearchAction\",\"target\":{\"@type\":\"EntryPoint\",\"urlTemplate\":\"https:\\\/\\\/www.sk2g.fr\\\/?s={search_term_string}\"},\"query-input\":{\"@type\":\"PropertyValueSpecification\",\"valueRequired\":true,\"valueName\":\"search_term_string\"}}],\"inLanguage\":\"fr-FR\"},{\"@type\":\"Organization\",\"@id\":\"https:\\\/\\\/www.sk2g.fr\\\/#organization\",\"name\":\"SK2G\",\"url\":\"https:\\\/\\\/www.sk2g.fr\\\/\",\"logo\":{\"@type\":\"ImageObject\",\"inLanguage\":\"fr-FR\",\"@id\":\"https:\\\/\\\/www.sk2g.fr\\\/#\\\/schema\\\/logo\\\/image\\\/\",\"url\":\"https:\\\/\\\/www.sk2g.fr\\\/wp-content\\\/uploads\\\/2023\\\/07\\\/logo_sk2g_large.png\",\"contentUrl\":\"https:\\\/\\\/www.sk2g.fr\\\/wp-content\\\/uploads\\\/2023\\\/07\\\/logo_sk2g_large.png\",\"width\":4000,\"height\":1554,\"caption\":\"SK2G\"},\"image\":{\"@id\":\"https:\\\/\\\/www.sk2g.fr\\\/#\\\/schema\\\/logo\\\/image\\\/\"}}]}<\/script>\n<!-- \/ Yoast SEO plugin. -->","yoast_head_json":{"title":"Politique de confidentialit\u00e9 - SK2G","robots":{"index":"index","follow":"follow","max-snippet":"max-snippet:-1","max-image-preview":"max-image-preview:large","max-video-preview":"max-video-preview:-1"},"canonical":"https:\/\/www.sk2g.fr\/index.php\/politique-de-confidentialite\/","og_locale":"fr_FR","og_type":"article","og_title":"Politique de confidentialit\u00e9 - SK2G","og_description":"Le site sk2g.fr est la propri\u00e9t\u00e9 de la soci\u00e9t\u00e9 SK2G (Sire: 849411806), qui est responsable du traitement de vos donn\u00e9es personnelles. Nous avons adopt\u00e9 la pr\u00e9sente Politique de confidentialit\u00e9, qui d\u00e9termine comment nous traitons les informations collect\u00e9es par sk2g.fr qui fournit \u00e9galement les raisons pour lesquelles nous devons collecter certaines donn\u00e9es personnelles vous concernant. Vous [&hellip;]","og_url":"https:\/\/www.sk2g.fr\/index.php\/politique-de-confidentialite\/","og_site_name":"SK2G","article_modified_time":"2023-07-02T17:47:21+00:00","twitter_card":"summary_large_image","twitter_misc":{"Dur\u00e9e de lecture estim\u00e9e":"5 minutes"},"schema":{"@context":"https:\/\/schema.org","@graph":[{"@type":"WebPage","@id":"https:\/\/www.sk2g.fr\/index.php\/politique-de-confidentialite\/","url":"https:\/\/www.sk2g.fr\/index.php\/politique-de-confidentialite\/","name":"Politique de confidentialit\u00e9 - SK2G","isPartOf":{"@id":"https:\/\/www.sk2g.fr\/#website"},"datePublished":"2023-06-29T15:31:02+00:00","dateModified":"2023-07-02T17:47:21+00:00","breadcrumb":{"@id":"https:\/\/www.sk2g.fr\/index.php\/politique-de-confidentialite\/#breadcrumb"},"inLanguage":"fr-FR","potentialAction":[{"@type":"ReadAction","target":["https:\/\/www.sk2g.fr\/index.php\/politique-de-confidentialite\/"]}]},{"@type":"BreadcrumbList","@id":"https:\/\/www.sk2g.fr\/index.php\/politique-de-confidentialite\/#breadcrumb","itemListElement":[{"@type":"ListItem","position":1,"name":"Accueil","item":"https:\/\/www.sk2g.fr\/"},{"@type":"ListItem","position":2,"name":"Politique de confidentialit\u00e9"}]},{"@type":"WebSite","@id":"https:\/\/www.sk2g.fr\/#website","url":"https:\/\/www.sk2g.fr\/","name":"SK2G","description":"Multi-service du logement","publisher":{"@id":"https:\/\/www.sk2g.fr\/#organization"},"potentialAction":[{"@type":"SearchAction","target":{"@type":"EntryPoint","urlTemplate":"https:\/\/www.sk2g.fr\/?s={search_term_string}"},"query-input":{"@type":"PropertyValueSpecification","valueRequired":true,"valueName":"search_term_string"}}],"inLanguage":"fr-FR"},{"@type":"Organization","@id":"https:\/\/www.sk2g.fr\/#organization","name":"SK2G","url":"https:\/\/www.sk2g.fr\/","logo":{"@type":"ImageObject","inLanguage":"fr-FR","@id":"https:\/\/www.sk2g.fr\/#\/schema\/logo\/image\/","url":"https:\/\/www.sk2g.fr\/wp-content\/uploads\/2023\/07\/logo_sk2g_large.png","contentUrl":"https:\/\/www.sk2g.fr\/wp-content\/uploads\/2023\/07\/logo_sk2g_large.png","width":4000,"height":1554,"caption":"SK2G"},"image":{"@id":"https:\/\/www.sk2g.fr\/#\/schema\/logo\/image\/"}}]}},"_links":{"self":[{"href":"https:\/\/www.sk2g.fr\/index.php\/wp-json\/wp\/v2\/pages\/3","targetHints":{"allow":["GET"]}}],"collection":[{"href":"https:\/\/www.sk2g.fr\/index.php\/wp-json\/wp\/v2\/pages"}],"about":[{"href":"https:\/\/www.sk2g.fr\/index.php\/wp-json\/wp\/v2\/types\/page"}],"author":[{"embeddable":true,"href":"https:\/\/www.sk2g.fr\/index.php\/wp-json\/wp\/v2\/users\/1"}],"replies":[{"embeddable":true,"href":"https:\/\/www.sk2g.fr\/index.php\/wp-json\/wp\/v2\/comments?post=3"}],"version-history":[{"count":2,"href":"https:\/\/www.sk2g.fr\/index.php\/wp-json\/wp\/v2\/pages\/3\/revisions"}],"predecessor-version":[{"id":204,"href":"https:\/\/www.sk2g.fr\/index.php\/wp-json\/wp\/v2\/pages\/3\/revisions\/204"}],"wp:attachment":[{"href":"https:\/\/www.sk2g.fr\/index.php\/wp-json\/wp\/v2\/media?parent=3"}],"curies":[{"name":"wp","href":"https:\/\/api.w.org\/{rel}","templated":true}]}}